{"id":53,"date":"2022-01-14T17:01:38","date_gmt":"2022-01-14T17:01:38","guid":{"rendered":"https:\/\/reparevitre.com\/?page_id=53"},"modified":"2022-05-18T13:14:40","modified_gmt":"2022-05-18T13:14:40","slug":"nous-joindre","status":"publish","type":"page","link":"https:\/\/reparevitre.com\/index.php\/nous-joindre\/","title":{"rendered":"NOUS JOINDRE"},"content":{"rendered":"\n<p>  <\/p>\n\n\n\n<figure class=\"wp-block-image size-full is-resized\"><img loading=\"lazy\" decoding=\"async\" src=\"https:\/\/reparevitre.com\/wp-content\/uploads\/2022\/01\/vide.png\" alt=\"\" class=\"wp-image-251\" width=\"138\" height=\"69\"\/><\/figure>\n\n\n\n<div class=\"wp-block-columns cssjoindre is-layout-flex wp-container-core-columns-is-layout-28f84493 wp-block-columns-is-layout-flex\">\n<div class=\"wp-block-column is-layout-flow wp-block-column-is-layout-flow\">\n<div class=\"wp-block-image\"><figure class=\"aligncenter size-full is-resized\"><img loading=\"lazy\" decoding=\"async\" src=\"https:\/\/reparevitre.com\/wp-content\/uploads\/2022\/01\/RealDaigle.jpg\" alt=\"\" class=\"wp-image-54\" width=\"145\" height=\"147\"\/><figcaption>R\u00e9al Daigle<br>Ma\u00eetre Franchiseur<\/figcaption><\/figure><\/div>\n<\/div>\n\n\n\n<div class=\"wp-block-column is-layout-flow wp-block-column-is-layout-flow\">\n<p class=\"has-text-align-center has-large-font-size\"><strong>POUR PLUS D\u2019INFORMATIONS<br> CONTACTEZ-MOI!<\/strong><\/p>\n<\/div>\n<\/div>\n\n\n<style>#kt-layout-id_27c187-16{margin-top:-150px;}#kt-layout-id_27c187-16 > .kt-row-column-wrap{align-content:center;}:where(#kt-layout-id_27c187-16 > .kt-row-column-wrap) > .wp-block-kadence-column{justify-content:center;}#kt-layout-id_27c187-16 > .kt-row-column-wrap{column-gap:var(--global-kb-gap-lg, 4rem);row-gap:var(--global-kb-gap-md, 2rem);max-width:980px;padding-top:var( --global-kb-row-default-top, 25px );padding-bottom:var( --global-kb-row-default-bottom, 25px );padding-top:80px;grid-template-columns:repeat(2, minmax(0, 1fr));}#kt-layout-id_27c187-16 > .kt-row-layout-overlay{opacity:0.30;}@media all and (max-width: 1024px){#kt-layout-id_27c187-16 > .kt-row-column-wrap{grid-template-columns:repeat(2, minmax(0, 1fr));}}@media all and (max-width: 767px){#kt-layout-id_27c187-16 > .kt-row-column-wrap{grid-template-columns:minmax(0, 1fr);}}<\/style>\n<div class=\"wp-block-kadence-rowlayout alignnone\"><div id=\"kt-layout-id_27c187-16\" class=\"kt-row-layout-inner kt-layout-id_27c187-16\"><div class=\"kt-row-column-wrap kt-has-2-columns kt-gutter-wider kt-v-gutter-default kt-row-valign-middle kt-row-layout-equal kt-tab-layout-inherit kt-m-colapse-left-to-right kt-mobile-layout-row kb-theme-content-width\"><style>.kadence-column_d2918a-6d > .kt-inside-inner-col{border-top-width:0px;border-right-width:0px;border-bottom-width:0px;border-left-width:0px;}.kadence-column_d2918a-6d > .kt-inside-inner-col,.kadence-column_d2918a-6d > .kt-inside-inner-col:before{border-top-left-radius:0px;border-top-right-radius:0px;border-bottom-right-radius:0px;border-bottom-left-radius:0px;}.kadence-column_d2918a-6d > .kt-inside-inner-col{column-gap:var(--global-kb-gap-sm, 1rem);}.kadence-column_d2918a-6d > .kt-inside-inner-col{flex-direction:column;}.kadence-column_d2918a-6d > .kt-inside-inner-col > .aligncenter{width:100%;}.kadence-column_d2918a-6d > .kt-inside-inner-col:before{opacity:0.3;}.kadence-column_d2918a-6d{position:relative;}@media all and (max-width: 1024px){.kadence-column_d2918a-6d > .kt-inside-inner-col{flex-direction:column;justify-content:center;}}@media all and (max-width: 767px){.kadence-column_d2918a-6d > .kt-inside-inner-col{flex-direction:column;justify-content:center;}}<\/style>\n<div class=\"wp-block-kadence-column inner-column-1 kadence-column_d2918a-6d\"><div class=\"kt-inside-inner-col\">\n<p class=\"cssfonteromana textjustify has-small-font-size\">Fort d&rsquo;un exp\u00e9rience de plus de 45 ann\u00e9es dans le domaine de la vitre d&rsquo;autos, M. R\u00e9al Daigle s&rsquo;est donn\u00e9 comme mission de promouvoir la franchise\u00a0<strong>R\u00c9PAREVITRE<\/strong>\u00a0(marque d\u00e9pos\u00e9e qu\u00e9b\u00e9coise de CRACKMASTER Canada) \u00e0 travers la province de Qu\u00e9bec.<br><br><strong>SA DEVISE:<\/strong> r\u00e9parer avant de remplacer.<br><br><strong>SA PRIORIT\u00c9:<\/strong> s&rsquo;assurer que tous les franchis\u00e9s r\u00e9pondent \u00e0 un tr\u00e8s haut standard de qualit\u00e9.<br><br>Ciblant des sp\u00e9cialistes dans le march\u00e9 de l&rsquo;automobile, M. Daigle entend faire de <strong>R\u00c9PAREVITRE<\/strong> le plus important r\u00e9seau de sp\u00e9cialistes en r\u00e9paration et remplacement de pare-brise au Qu\u00e9bec.<br><br>Besoin d&rsquo;informations suppl\u00e9mentaires sur la franchise <strong>R\u00c9PAREVITRE<\/strong>? Contactez-moi il me fera plaisir de vous r\u00e9pondre.<br><\/p>\n\n\n\n<div class=\"wp-block-image\"><figure class=\"aligncenter size-full is-resized\"><img loading=\"lazy\" decoding=\"async\" src=\"https:\/\/reparevitre.com\/wp-content\/uploads\/2022\/01\/Bouton_Courriel.jpg\" alt=\"\" class=\"wp-image-433\" width=\"210\" height=\"63\"\/><\/figure><\/div>\n\n\n\n<div class=\"wp-block-image\"><figure class=\"aligncenter size-full is-resized\"><img loading=\"lazy\" decoding=\"async\" src=\"https:\/\/reparevitre.com\/wp-content\/uploads\/2022\/01\/Bouton_Tel_v2.jpg\" alt=\"\" class=\"wp-image-437\" width=\"209\" height=\"62\"\/><\/figure><\/div>\n<\/div><\/div>\n\n\n<style>.kadence-column_6a4f80-c5 > .kt-inside-inner-col{border-top-width:0px;border-right-width:0px;border-bottom-width:0px;border-left-width:0px;}.kadence-column_6a4f80-c5 > .kt-inside-inner-col,.kadence-column_6a4f80-c5 > .kt-inside-inner-col:before{border-top-left-radius:0px;border-top-right-radius:0px;border-bottom-right-radius:0px;border-bottom-left-radius:0px;}.kadence-column_6a4f80-c5 > .kt-inside-inner-col{column-gap:var(--global-kb-gap-sm, 1rem);}.kadence-column_6a4f80-c5 > .kt-inside-inner-col{flex-direction:column;}.kadence-column_6a4f80-c5 > .kt-inside-inner-col > .aligncenter{width:100%;}.kadence-column_6a4f80-c5 > .kt-inside-inner-col:before{opacity:0.3;}.kadence-column_6a4f80-c5{position:relative;}@media all and (max-width: 1024px){.kadence-column_6a4f80-c5 > .kt-inside-inner-col{flex-direction:column;justify-content:center;}}@media all and (max-width: 767px){.kadence-column_6a4f80-c5 > .kt-inside-inner-col{flex-direction:column;justify-content:center;}}<\/style>\n<div class=\"wp-block-kadence-column inner-column-2 kadence-column_6a4f80-c5\"><div class=\"kt-inside-inner-col\"><style>.kadence-form-_164c74-ae .kb-form .kadence-blocks-form-field .kb-text-style-field, .kadence-form-_164c74-ae .kb-form .kadence-blocks-form-field .kb-select-style-field{border-width:1px 1px 1px 1px;background:var(--global-palette7, #EDF2F7);border-color:var(--global-palette7, #EDF2F7);}.kadence-form-_164c74-ae .kb-form .kadence-blocks-form-field .kb-text-style-field:focus, .kadence-form-_164c74-ae .kb-form .kadence-blocks-form-field .kb-select-style-field:focus{border-color:var(--global-palette8, #F7FAFC);background:var(--global-palette8, #F7FAFC);}.kadence-form-_164c74-ae .kb-form .kadence-blocks-form-field .kb-text-style-field{padding-top:12px;padding-right:18px;padding-bottom:12px;padding-left:18px;}.kadence-form-_164c74-ae .kb-form .kadence-blocks-form-field .kb-forms-submit{border-radius:5px;background:var(--global-palette1, #3182CE);}.kadence-form-_164c74-ae .kb-form .kadence-blocks-form-field .kb-forms-submit:hover, .kadence-form-_164c74-ae .kb-form .kadence-blocks-form-field .kb-forms-submit:focus {background:var(--global-palette2, #2B6CB0);}.kb-form input.kadence-blocks-field.verify{opacity:0.0;position:absolute;top:0.0;left:0.0;width:0.0;height:0.0;z-index:-1;}<\/style>\n<div class=\"wp-block-kadence-form kadence-form-_164c74-ae kb-form-wrap\"><form class=\"kb-form\" action=\"\" method=\"post\" data-error-message=\"SVP apporter les corrections avant de resoumettre\"><div class=\"kadence-blocks-form-field kb-field-desk-width-100 kb-input-size-custom\"><input name=\"kb_field_0\" id=\"kb_field__164c74-ae_0\" data-label=\"Name\" type=\"text\" placeholder=\"Nom\" value=\"\" data-type=\"text\" class=\"kb-field kb-text-style-field kb-text-field kb-field-0\" data-required=\"yes\" data-required-message=\"Nom obligatoire\"\/><\/div><div class=\"kadence-blocks-form-field kb-form-field-1 kb-field-desk-width-100 kb-input-size-custom\"><input name=\"kb_field_1\" id=\"kb_field__164c74-ae_1\" data-label=\"\" type=\"text\" placeholder=\"Entreprise\" value=\"\" data-type=\"text\" class=\"kb-field kb-text-style-field kb-text-field kb-field-1\" data-required=\"yes\" data-required-message=\"Nom de l'entreprise obligatoire\"\/><\/div><div class=\"kadence-blocks-form-field kb-form-field-2 kb-field-desk-width-100 kb-input-size-custom\"><input name=\"kb_field_2\" id=\"kb_field__164c74-ae_2\" data-label=\"Email\" type=\"email\" placeholder=\"Courriel\" value=\"\" data-type=\"email\" class=\"kb-field kb-text-style-field kb-email-field kb-field-2\" data-required=\"yes\" data-required-message=\"Courriel obligatoire\"\/><\/div><div class=\"kadence-blocks-form-field kb-form-field-3 kb-field-desk-width-100 kb-input-size-custom\"><input name=\"kb_field_3\" id=\"kb_field__164c74-ae_3\" data-label=\"\" type=\"text\" placeholder=\"T\u00e9l\u00e9phone\" value=\"\" data-type=\"text\" class=\"kb-field kb-text-style-field kb-text-field kb-field-3\"\/><\/div><div class=\"kadence-blocks-form-field kb-form-field-4 kb-field-desk-width-100 kb-input-size-custom\"><textarea name=\"kb_field_4\" id=\"kb_field__164c74-ae_4\" data-label=\"Message\" type=\"textarea\" placeholder=\"Message\" data-type=\"textarea\" class=\"kb-field kb-text-style-field kb-textarea-field kb-field-4\" rows=\"4\" data-required=\"yes\" data-required-message=\"Message obligatoire\"><\/textarea><\/div><input type=\"hidden\" name=\"_kb_form_id\" value=\"_164c74-ae\"\/><input type=\"hidden\" name=\"_kb_form_post_id\" value=\"53\"\/><input type=\"hidden\" name=\"action\" value=\"kb_process_ajax_submit\"\/><label class=\"kadence-verify-label\">Email<input class=\"kadence-blocks-field verify\" type=\"text\" name=\"_kb_verify_email\" autocomplete=\"new-password\" aria-hidden=\"true\" placeholder=\"Email\" tabindex=\"-1\" data-1p-ignore=\"true\" data-lpignore=\"true\" \/><\/label><div class=\"kadence-blocks-form-field kb-submit-field kb-field-desk-width-100\"><button class=\"kb-forms-submit button kb-button-size-large kb-button-width-auto\">Envoyer<\/button><\/div><\/form><\/div>\n<noscript><div class=\"kadence-blocks-form-message kadence-blocks-form-warning\">Veuillez activer JavaScript dans votre navigateur pour envoyer le formulaire.<\/div><style>.kadence-form-_164c74-ae .kadence-blocks-form-field.kb-submit-field { display: none; }<\/style><\/noscript><\/div><\/div>\n<\/div><\/div><\/div>\n\n\n\n<p><\/p>\n","protected":false},"excerpt":{"rendered":"<p>POUR PLUS D\u2019INFORMATIONS CONTACTEZ-MOI! Fort d&rsquo;un exp\u00e9rience de plus de 45 ann\u00e9es dans le domaine de la vitre d&rsquo;autos, M. R\u00e9al Daigle s&rsquo;est donn\u00e9 comme mission de promouvoir la franchise\u00a0R\u00c9PAREVITRE\u00a0(marque d\u00e9pos\u00e9e qu\u00e9b\u00e9coise de CRACKMASTER Canada) \u00e0 travers la province de Qu\u00e9bec. SA DEVISE: r\u00e9parer avant de remplacer. SA PRIORIT\u00c9: s&rsquo;assurer que tous les franchis\u00e9s r\u00e9pondent [&hellip;]<\/p>\n","protected":false},"author":1,"featured_media":0,"parent":0,"menu_order":0,"comment_status":"closed","ping_status":"closed","template":"","meta":{"_uf_show_specific_survey":0,"_uf_disable_surveys":false,"footnotes":""},"class_list":["post-53","page","type-page","status-publish","hentry"],"_links":{"self":[{"href":"https:\/\/reparevitre.com\/index.php\/wp-json\/wp\/v2\/pages\/53","targetHints":{"allow":["GET"]}}],"collection":[{"href":"https:\/\/reparevitre.com\/index.php\/wp-json\/wp\/v2\/pages"}],"about":[{"href":"https:\/\/reparevitre.com\/index.php\/wp-json\/wp\/v2\/types\/page"}],"author":[{"embeddable":true,"href":"https:\/\/reparevitre.com\/index.php\/wp-json\/wp\/v2\/users\/1"}],"replies":[{"embeddable":true,"href":"https:\/\/reparevitre.com\/index.php\/wp-json\/wp\/v2\/comments?post=53"}],"version-history":[{"count":58,"href":"https:\/\/reparevitre.com\/index.php\/wp-json\/wp\/v2\/pages\/53\/revisions"}],"predecessor-version":[{"id":1076,"href":"https:\/\/reparevitre.com\/index.php\/wp-json\/wp\/v2\/pages\/53\/revisions\/1076"}],"wp:attachment":[{"href":"https:\/\/reparevitre.com\/index.php\/wp-json\/wp\/v2\/media?parent=53"}],"curies":[{"name":"wp","href":"https:\/\/api.w.org\/{rel}","templated":true}]}}